{"id":124,"date":"2023-04-07T12:11:40","date_gmt":"2023-04-07T09:11:40","guid":{"rendered":"https:\/\/www.hopa.ee\/?page_id=124"},"modified":"2026-02-10T11:33:45","modified_gmt":"2026-02-10T08:33:45","slug":"avaleht","status":"publish","type":"page","link":"https:\/\/hopa.ee\/en\/avaleht\/","title":{"rendered":"Home"},"content":{"rendered":"<p>Welcome to Hopa Horse Planner's website!<\/p>\n<p>Our horse planner is a notebook where you can jot down all things related to your horse. Here, you can keep track of your horse's training, visits to the vet and farrier, dental check-ups, and much more.<\/p>\n<p>In addition, our horse planner allows you to create yearly, monthly, and weekly schedules, and track your competitions and notes. Our goal is to help you take care of your horse in a simple and convenient way.\n\nIn Hopa, there are no dates! Why? So you can start using the planner at any time during the year and keep using it until you run out of space!<\/p>\n<p>Hopa koosneb 128 v\u00e4rvilisest lehek\u00fcljest ja 2026 aasta kalendrist. Suurus: A5.<\/p>\n<p>Our horse planner is specifically designed for horse enthusiasts, easy to use, and adaptable to your needs. We're confident it will be a fantastic companion in planning your and your horse's life and activities!<\/p>\n<p>Hopa is available in Estonian, English, and Finnish!<\/p>\n\n\n<figure class=\"wp-block-gallery has-nested-images columns-default is-cropped wp-block-gallery-1 is-layout-flex wp-block-gallery-is-layout-flex\">\n<figure class=\"wp-block-image size-large\"><img loading=\"lazy\" decoding=\"async\" width=\"768\" height=\"1024\" data-id=\"253\" src=\"https:\/\/www.hopa.ee\/wp-content\/uploads\/2024\/05\/PhotoRoom_20230406_084914-768x1024.jpg\" alt=\"Horse diary, horse notebook, horse planner, planner, diary, notebook, horse riding, equestrian planner, equestrian competition, yearly planner\" class=\"wp-image-253\" srcset=\"https:\/\/hopa.ee\/wp-content\/uploads\/2024\/05\/PhotoRoom_20230406_084914-768x1024.jpg 768w, https:\/\/hopa.ee\/wp-content\/uploads\/2024\/05\/PhotoRoom_20230406_084914-225x300.jpg 225w, https:\/\/hopa.ee\/wp-content\/uploads\/2024\/05\/PhotoRoom_20230406_084914-1152x1536.jpg 1152w, https:\/\/hopa.ee\/wp-content\/uploads\/2024\/05\/PhotoRoom_20230406_084914-1536x2048.jpg 1536w, https:\/\/hopa.ee\/wp-content\/uploads\/2024\/05\/PhotoRoom_20230406_084914-9x12.jpg 9w, https:\/\/hopa.ee\/wp-content\/uploads\/2024\/05\/PhotoRoom_20230406_084914-300x400.jpg 300w, https:\/\/hopa.ee\/wp-content\/uploads\/2024\/05\/PhotoRoom_20230406_084914-850x1133.jpg 850w, https:\/\/hopa.ee\/wp-content\/uploads\/2024\/05\/PhotoRoom_20230406_084914-600x800.jpg 600w, https:\/\/hopa.ee\/wp-content\/uploads\/2024\/05\/PhotoRoom_20230406_084914-scaled.jpg 1920w\" sizes=\"auto, (max-width: 768px) 100vw, 768px\" \/><\/figure>\n\n\n\n<figure class=\"wp-block-image size-large\"><img loading=\"lazy\" decoding=\"async\" width=\"819\" height=\"1024\" data-id=\"233\" src=\"https:\/\/hopa.ee\/wp-content\/uploads\/2024\/05\/338403828_240133788375389_8180873975291957703_n-819x1024.jpg\" alt=\"Horse diary, horse notebook, horse planner, planner, diary, notebook, horse riding, equestrian planner, equestrian competition, yearly planner\" class=\"wp-image-233\" srcset=\"https:\/\/hopa.ee\/wp-content\/uploads\/2024\/05\/338403828_240133788375389_8180873975291957703_n-819x1024.jpg 819w, https:\/\/hopa.ee\/wp-content\/uploads\/2024\/05\/338403828_240133788375389_8180873975291957703_n-240x300.jpg 240w, https:\/\/hopa.ee\/wp-content\/uploads\/2024\/05\/338403828_240133788375389_8180873975291957703_n-768x960.jpg 768w, https:\/\/hopa.ee\/wp-content\/uploads\/2024\/05\/338403828_240133788375389_8180873975291957703_n-1229x1536.jpg 1229w, https:\/\/hopa.ee\/wp-content\/uploads\/2024\/05\/338403828_240133788375389_8180873975291957703_n-10x12.jpg 10w, https:\/\/hopa.ee\/wp-content\/uploads\/2024\/05\/338403828_240133788375389_8180873975291957703_n-300x375.jpg 300w, https:\/\/hopa.ee\/wp-content\/uploads\/2024\/05\/338403828_240133788375389_8180873975291957703_n-850x1063.jpg 850w, https:\/\/hopa.ee\/wp-content\/uploads\/2024\/05\/338403828_240133788375389_8180873975291957703_n-600x750.jpg 600w, https:\/\/hopa.ee\/wp-content\/uploads\/2024\/05\/338403828_240133788375389_8180873975291957703_n.jpg 1440w\" sizes=\"auto, (max-width: 819px) 100vw, 819px\" \/><\/figure>\n\n\n\n<figure class=\"wp-block-image size-large\"><img loading=\"lazy\" decoding=\"async\" width=\"819\" height=\"1024\" data-id=\"235\" src=\"https:\/\/hopa.ee\/wp-content\/uploads\/2024\/05\/338772773_564356995520699_7227346323812448601_n-819x1024.jpg\" alt=\"Horse diary, horse notebook, horse planner, planner, diary, notebook, horse riding, equestrian planner, equestrian competition, yearly planner\" class=\"wp-image-235\" srcset=\"https:\/\/hopa.ee\/wp-content\/uploads\/2024\/05\/338772773_564356995520699_7227346323812448601_n-819x1024.jpg 819w, https:\/\/hopa.ee\/wp-content\/uploads\/2024\/05\/338772773_564356995520699_7227346323812448601_n-240x300.jpg 240w, https:\/\/hopa.ee\/wp-content\/uploads\/2024\/05\/338772773_564356995520699_7227346323812448601_n-768x960.jpg 768w, https:\/\/hopa.ee\/wp-content\/uploads\/2024\/05\/338772773_564356995520699_7227346323812448601_n-1229x1536.jpg 1229w, https:\/\/hopa.ee\/wp-content\/uploads\/2024\/05\/338772773_564356995520699_7227346323812448601_n-10x12.jpg 10w, https:\/\/hopa.ee\/wp-content\/uploads\/2024\/05\/338772773_564356995520699_7227346323812448601_n-300x375.jpg 300w, https:\/\/hopa.ee\/wp-content\/uploads\/2024\/05\/338772773_564356995520699_7227346323812448601_n-850x1063.jpg 850w, https:\/\/hopa.ee\/wp-content\/uploads\/2024\/05\/338772773_564356995520699_7227346323812448601_n-600x750.jpg 600w, https:\/\/hopa.ee\/wp-content\/uploads\/2024\/05\/338772773_564356995520699_7227346323812448601_n.jpg 1440w\" sizes=\"auto, (max-width: 819px) 100vw, 819px\" \/><\/figure>\n\n\n\n<figure class=\"wp-block-image size-large\"><img loading=\"lazy\" decoding=\"async\" width=\"1024\" height=\"1024\" data-id=\"232\" src=\"https:\/\/hopa.ee\/wp-content\/uploads\/2024\/05\/PhotoRoom_20230328_144023-1024x1024.jpg\" alt=\"Horse diary, horse notebook, horse planner, planner, diary, notebook, horse riding, equestrian planner, equestrian competition, yearly planner\" class=\"wp-image-232\" srcset=\"https:\/\/hopa.ee\/wp-content\/uploads\/2024\/05\/PhotoRoom_20230328_144023-1024x1024.jpg 1024w, https:\/\/hopa.ee\/wp-content\/uploads\/2024\/05\/PhotoRoom_20230328_144023-300x300.jpg 300w, https:\/\/hopa.ee\/wp-content\/uploads\/2024\/05\/PhotoRoom_20230328_144023-150x150.jpg 150w, https:\/\/hopa.ee\/wp-content\/uploads\/2024\/05\/PhotoRoom_20230328_144023-768x768.jpg 768w, https:\/\/hopa.ee\/wp-content\/uploads\/2024\/05\/PhotoRoom_20230328_144023-1536x1536.jpg 1536w, https:\/\/hopa.ee\/wp-content\/uploads\/2024\/05\/PhotoRoom_20230328_144023-12x12.jpg 12w, https:\/\/hopa.ee\/wp-content\/uploads\/2024\/05\/PhotoRoom_20230328_144023-850x850.jpg 850w, https:\/\/hopa.ee\/wp-content\/uploads\/2024\/05\/PhotoRoom_20230328_144023-600x600.jpg 600w, https:\/\/hopa.ee\/wp-content\/uploads\/2024\/05\/PhotoRoom_20230328_144023-100x100.jpg 100w, https:\/\/hopa.ee\/wp-content\/uploads\/2024\/05\/PhotoRoom_20230328_144023.jpg 1799w\" sizes=\"auto, (max-width: 1024px) 100vw, 1024px\" \/><\/figure>\n\n\n\n<figure class=\"wp-block-image size-large\"><img loading=\"lazy\" decoding=\"async\" width=\"768\" height=\"1024\" data-id=\"252\" src=\"https:\/\/hopa.ee\/wp-content\/uploads\/2024\/05\/PhotoRoom_20230328_164630-768x1024.jpg\" alt=\"Horse diary, horse notebook, horse planner, planner, diary, notebook, horse riding, equestrian planner, equestrian competition, yearly planner\" class=\"wp-image-252\" srcset=\"https:\/\/hopa.ee\/wp-content\/uploads\/2024\/05\/PhotoRoom_20230328_164630-768x1024.jpg 768w, https:\/\/hopa.ee\/wp-content\/uploads\/2024\/05\/PhotoRoom_20230328_164630-225x300.jpg 225w, https:\/\/hopa.ee\/wp-content\/uploads\/2024\/05\/PhotoRoom_20230328_164630-1152x1536.jpg 1152w, https:\/\/hopa.ee\/wp-content\/uploads\/2024\/05\/PhotoRoom_20230328_164630-1536x2048.jpg 1536w, https:\/\/hopa.ee\/wp-content\/uploads\/2024\/05\/PhotoRoom_20230328_164630-9x12.jpg 9w, https:\/\/hopa.ee\/wp-content\/uploads\/2024\/05\/PhotoRoom_20230328_164630-300x400.jpg 300w, https:\/\/hopa.ee\/wp-content\/uploads\/2024\/05\/PhotoRoom_20230328_164630-850x1133.jpg 850w, https:\/\/hopa.ee\/wp-content\/uploads\/2024\/05\/PhotoRoom_20230328_164630-600x800.jpg 600w, https:\/\/hopa.ee\/wp-content\/uploads\/2024\/05\/PhotoRoom_20230328_164630-scaled.jpg 1920w\" sizes=\"auto, (max-width: 768px) 100vw, 768px\" \/><\/figure>\n\n\n\n<figure class=\"wp-block-image size-large\"><img loading=\"lazy\" decoding=\"async\" width=\"768\" height=\"1024\" data-id=\"248\" src=\"https:\/\/hopa.ee\/wp-content\/uploads\/2024\/05\/PhotoRoom_20230328_165036-768x1024.jpg\" alt=\"Horse diary, horse notebook, horse planner, planner, diary, notebook, horse riding, equestrian planner, equestrian competition, yearly planner\" class=\"wp-image-248\" srcset=\"https:\/\/hopa.ee\/wp-content\/uploads\/2024\/05\/PhotoRoom_20230328_165036-768x1024.jpg 768w, https:\/\/hopa.ee\/wp-content\/uploads\/2024\/05\/PhotoRoom_20230328_165036-225x300.jpg 225w, https:\/\/hopa.ee\/wp-content\/uploads\/2024\/05\/PhotoRoom_20230328_165036-1152x1536.jpg 1152w, https:\/\/hopa.ee\/wp-content\/uploads\/2024\/05\/PhotoRoom_20230328_165036-1536x2048.jpg 1536w, https:\/\/hopa.ee\/wp-content\/uploads\/2024\/05\/PhotoRoom_20230328_165036-9x12.jpg 9w, https:\/\/hopa.ee\/wp-content\/uploads\/2024\/05\/PhotoRoom_20230328_165036-300x400.jpg 300w, https:\/\/hopa.ee\/wp-content\/uploads\/2024\/05\/PhotoRoom_20230328_165036-850x1133.jpg 850w, https:\/\/hopa.ee\/wp-content\/uploads\/2024\/05\/PhotoRoom_20230328_165036-600x800.jpg 600w, https:\/\/hopa.ee\/wp-content\/uploads\/2024\/05\/PhotoRoom_20230328_165036.jpg 1799w\" sizes=\"auto, (max-width: 768px) 100vw, 768px\" \/><\/figure>\n\n\n\n<figure class=\"wp-block-image size-large\"><img loading=\"lazy\" decoding=\"async\" width=\"1024\" height=\"1024\" data-id=\"251\" src=\"https:\/\/hopa.ee\/wp-content\/uploads\/2024\/05\/PhotoRoom_20230328_170209-1024x1024.jpg\" alt=\"Horse diary, horse notebook, horse planner, planner, diary, notebook, horse riding, equestrian planner, equestrian competition, yearly planner\" class=\"wp-image-251\" srcset=\"https:\/\/hopa.ee\/wp-content\/uploads\/2024\/05\/PhotoRoom_20230328_170209-1024x1024.jpg 1024w, https:\/\/hopa.ee\/wp-content\/uploads\/2024\/05\/PhotoRoom_20230328_170209-300x300.jpg 300w, https:\/\/hopa.ee\/wp-content\/uploads\/2024\/05\/PhotoRoom_20230328_170209-150x150.jpg 150w, https:\/\/hopa.ee\/wp-content\/uploads\/2024\/05\/PhotoRoom_20230328_170209-768x768.jpg 768w, https:\/\/hopa.ee\/wp-content\/uploads\/2024\/05\/PhotoRoom_20230328_170209-1536x1536.jpg 1536w, https:\/\/hopa.ee\/wp-content\/uploads\/2024\/05\/PhotoRoom_20230328_170209-12x12.jpg 12w, https:\/\/hopa.ee\/wp-content\/uploads\/2024\/05\/PhotoRoom_20230328_170209-850x850.jpg 850w, https:\/\/hopa.ee\/wp-content\/uploads\/2024\/05\/PhotoRoom_20230328_170209-600x600.jpg 600w, https:\/\/hopa.ee\/wp-content\/uploads\/2024\/05\/PhotoRoom_20230328_170209-100x100.jpg 100w, https:\/\/hopa.ee\/wp-content\/uploads\/2024\/05\/PhotoRoom_20230328_170209.jpg 1799w\" sizes=\"auto, (max-width: 1024px) 100vw, 1024px\" \/><\/figure>\n\n\n\n<figure class=\"wp-block-image size-large\"><img loading=\"lazy\" decoding=\"async\" width=\"1024\" height=\"1024\" data-id=\"249\" src=\"https:\/\/hopa.ee\/wp-content\/uploads\/2024\/05\/PhotoRoom_20230328_165813-1024x1024.jpg\" alt=\"Horse diary, horse notebook, horse planner, planner, diary, notebook, horse riding, equestrian planner, equestrian competition, yearly planner\" class=\"wp-image-249\" srcset=\"https:\/\/hopa.ee\/wp-content\/uploads\/2024\/05\/PhotoRoom_20230328_165813-1024x1024.jpg 1024w, https:\/\/hopa.ee\/wp-content\/uploads\/2024\/05\/PhotoRoom_20230328_165813-300x300.jpg 300w, https:\/\/hopa.ee\/wp-content\/uploads\/2024\/05\/PhotoRoom_20230328_165813-150x150.jpg 150w, https:\/\/hopa.ee\/wp-content\/uploads\/2024\/05\/PhotoRoom_20230328_165813-768x768.jpg 768w, https:\/\/hopa.ee\/wp-content\/uploads\/2024\/05\/PhotoRoom_20230328_165813-1536x1536.jpg 1536w, https:\/\/hopa.ee\/wp-content\/uploads\/2024\/05\/PhotoRoom_20230328_165813-12x12.jpg 12w, https:\/\/hopa.ee\/wp-content\/uploads\/2024\/05\/PhotoRoom_20230328_165813-850x850.jpg 850w, https:\/\/hopa.ee\/wp-content\/uploads\/2024\/05\/PhotoRoom_20230328_165813-600x600.jpg 600w, https:\/\/hopa.ee\/wp-content\/uploads\/2024\/05\/PhotoRoom_20230328_165813-100x100.jpg 100w, https:\/\/hopa.ee\/wp-content\/uploads\/2024\/05\/PhotoRoom_20230328_165813.jpg 1799w\" sizes=\"auto, (max-width: 1024px) 100vw, 1024px\" \/><\/figure>\n\n\n\n<figure class=\"wp-block-image size-large\"><img loading=\"lazy\" decoding=\"async\" width=\"768\" height=\"1024\" data-id=\"239\" src=\"https:\/\/hopa.ee\/wp-content\/uploads\/2024\/05\/PhotoRoom_20230329_173008-768x1024.jpg\" alt=\"Horse diary, horse notebook, horse planner, planner, diary, notebook, horse riding, equestrian planner, equestrian competition, yearly planner\" class=\"wp-image-239\" srcset=\"https:\/\/hopa.ee\/wp-content\/uploads\/2024\/05\/PhotoRoom_20230329_173008-768x1024.jpg 768w, https:\/\/hopa.ee\/wp-content\/uploads\/2024\/05\/PhotoRoom_20230329_173008-225x300.jpg 225w, https:\/\/hopa.ee\/wp-content\/uploads\/2024\/05\/PhotoRoom_20230329_173008-1152x1536.jpg 1152w, https:\/\/hopa.ee\/wp-content\/uploads\/2024\/05\/PhotoRoom_20230329_173008-1536x2048.jpg 1536w, https:\/\/hopa.ee\/wp-content\/uploads\/2024\/05\/PhotoRoom_20230329_173008-9x12.jpg 9w, https:\/\/hopa.ee\/wp-content\/uploads\/2024\/05\/PhotoRoom_20230329_173008-300x400.jpg 300w, https:\/\/hopa.ee\/wp-content\/uploads\/2024\/05\/PhotoRoom_20230329_173008-850x1133.jpg 850w, https:\/\/hopa.ee\/wp-content\/uploads\/2024\/05\/PhotoRoom_20230329_173008-600x800.jpg 600w, https:\/\/hopa.ee\/wp-content\/uploads\/2024\/05\/PhotoRoom_20230329_173008.jpg 1799w\" sizes=\"auto, (max-width: 768px) 100vw, 768px\" \/><\/figure>\n\n\n\n<figure class=\"wp-block-image size-large\"><img loading=\"lazy\" decoding=\"async\" width=\"768\" height=\"1024\" data-id=\"242\" src=\"https:\/\/hopa.ee\/wp-content\/uploads\/2024\/05\/PhotoRoom_20230330_151316-768x1024.jpg\" alt=\"Horse diary, horse notebook, horse planner, planner, diary, notebook, horse riding, equestrian planner, equestrian competition, yearly planner\" class=\"wp-image-242\" srcset=\"https:\/\/hopa.ee\/wp-content\/uploads\/2024\/05\/PhotoRoom_20230330_151316-768x1024.jpg 768w, https:\/\/hopa.ee\/wp-content\/uploads\/2024\/05\/PhotoRoom_20230330_151316-225x300.jpg 225w, https:\/\/hopa.ee\/wp-content\/uploads\/2024\/05\/PhotoRoom_20230330_151316-1152x1536.jpg 1152w, https:\/\/hopa.ee\/wp-content\/uploads\/2024\/05\/PhotoRoom_20230330_151316-1536x2048.jpg 1536w, https:\/\/hopa.ee\/wp-content\/uploads\/2024\/05\/PhotoRoom_20230330_151316-9x12.jpg 9w, https:\/\/hopa.ee\/wp-content\/uploads\/2024\/05\/PhotoRoom_20230330_151316-300x400.jpg 300w, https:\/\/hopa.ee\/wp-content\/uploads\/2024\/05\/PhotoRoom_20230330_151316-850x1133.jpg 850w, https:\/\/hopa.ee\/wp-content\/uploads\/2024\/05\/PhotoRoom_20230330_151316-600x800.jpg 600w, https:\/\/hopa.ee\/wp-content\/uploads\/2024\/05\/PhotoRoom_20230330_151316.jpg 1799w\" sizes=\"auto, (max-width: 768px) 100vw, 768px\" \/><\/figure>\n\n\n\n<figure class=\"wp-block-image size-large\"><img loading=\"lazy\" decoding=\"async\" width=\"768\" height=\"1024\" data-id=\"245\" src=\"https:\/\/hopa.ee\/wp-content\/uploads\/2024\/05\/PhotoRoom_20230331_191122-768x1024.jpg\" alt=\"Horse diary, horse notebook, horse planner, planner, diary, notebook, horse riding, equestrian planner, equestrian competition, yearly planner\" class=\"wp-image-245\" srcset=\"https:\/\/hopa.ee\/wp-content\/uploads\/2024\/05\/PhotoRoom_20230331_191122-768x1024.jpg 768w, https:\/\/hopa.ee\/wp-content\/uploads\/2024\/05\/PhotoRoom_20230331_191122-225x300.jpg 225w, https:\/\/hopa.ee\/wp-content\/uploads\/2024\/05\/PhotoRoom_20230331_191122-1152x1536.jpg 1152w, https:\/\/hopa.ee\/wp-content\/uploads\/2024\/05\/PhotoRoom_20230331_191122-1536x2048.jpg 1536w, https:\/\/hopa.ee\/wp-content\/uploads\/2024\/05\/PhotoRoom_20230331_191122-9x12.jpg 9w, https:\/\/hopa.ee\/wp-content\/uploads\/2024\/05\/PhotoRoom_20230331_191122-300x400.jpg 300w, https:\/\/hopa.ee\/wp-content\/uploads\/2024\/05\/PhotoRoom_20230331_191122-850x1134.jpg 850w, https:\/\/hopa.ee\/wp-content\/uploads\/2024\/05\/PhotoRoom_20230331_191122-600x800.jpg 600w, https:\/\/hopa.ee\/wp-content\/uploads\/2024\/05\/PhotoRoom_20230331_191122-scaled.jpg 1920w\" sizes=\"auto, (max-width: 768px) 100vw, 768px\" \/><\/figure>\n<\/figure>","protected":false},"excerpt":{"rendered":"<p>Tere tulemast Hopa hobuplaneerija kodulehele! Meie hobuplaneerija on m\u00e4rkmik, kuhu saad k\u00f5ik oma hobusega seotud asjad kirja panna. Siin saad hoida \u00fclevaadet oma hobuse treeningutest, veterinaari ja sepa k\u00fclastustest, hambaarsti visiitidest ning paljust muust. Lisaks v\u00f5imaldab meie hobuplaneerija sul koostada aasta-, kuu- ja n\u00e4dalaplaane ning j\u00e4lgida oma v\u00f5istluseid ning m\u00e4rkmeid. Meie eesm\u00e4rk on aidata sul&#8230;<\/p>","protected":false},"author":1,"featured_media":0,"parent":0,"menu_order":0,"comment_status":"closed","ping_status":"closed","template":"","meta":{"_monsterinsights_skip_tracking":false,"_monsterinsights_sitenote_active":false,"_monsterinsights_sitenote_note":"","_monsterinsights_sitenote_category":0,"footnotes":""},"class_list":["post-124","page","type-page","status-publish","hentry"],"yoast_head":"<!-- This site is optimized with the Yoast SEO plugin v27.5 - https:\/\/yoast.com\/product\/yoast-seo-wordpress\/ -->\n<title>Avaleht - HOPA<\/title>\n<meta name=\"robots\" content=\"index, follow, max-snippet:-1, max-image-preview:large, max-video-preview:-1\" \/>\n<link rel=\"canonical\" href=\"https:\/\/hopa.ee\/en\/avaleht\/\" \/>\n<meta property=\"og:locale\" content=\"en_US\" \/>\n<meta property=\"og:type\" content=\"article\" \/>\n<meta property=\"og:title\" content=\"Avaleht - HOPA\" \/>\n<meta property=\"og:description\" content=\"Tere tulemast Hopa hobuplaneerija kodulehele! Meie hobuplaneerija on m\u00e4rkmik, kuhu saad k\u00f5ik oma hobusega seotud asjad kirja panna. Siin saad hoida \u00fclevaadet oma hobuse treeningutest, veterinaari ja sepa k\u00fclastustest, hambaarsti visiitidest ning paljust muust. Lisaks v\u00f5imaldab meie hobuplaneerija sul koostada aasta-, kuu- ja n\u00e4dalaplaane ning j\u00e4lgida oma v\u00f5istluseid ning m\u00e4rkmeid. Meie eesm\u00e4rk on aidata sul...\" \/>\n<meta property=\"og:url\" content=\"https:\/\/hopa.ee\/en\/avaleht\/\" \/>\n<meta property=\"og:site_name\" content=\"HOPA\" \/>\n<meta property=\"article:publisher\" content=\"https:\/\/www.facebook.com\/minu.HOPA\" \/>\n<meta property=\"article:modified_time\" content=\"2026-02-10T08:33:45+00:00\" \/>\n<meta property=\"og:image\" content=\"https:\/\/hopa.ee\/wp-content\/uploads\/2024\/05\/PhotoRoom_20230406_084914-scaled.jpg\" \/>\n\t<meta property=\"og:image:width\" content=\"1920\" \/>\n\t<meta property=\"og:image:height\" content=\"2560\" \/>\n\t<meta property=\"og:image:type\" content=\"image\/jpeg\" \/>\n<meta name=\"twitter:card\" content=\"summary_large_image\" \/>\n<meta name=\"twitter:label1\" content=\"Est. reading time\" \/>\n\t<meta name=\"twitter:data1\" content=\"3 minutes\" \/>\n<script type=\"application\/ld+json\" class=\"yoast-schema-graph\">{\"@context\":\"https:\\\/\\\/schema.org\",\"@graph\":[{\"@type\":\"WebPage\",\"@id\":\"https:\\\/\\\/hopa.ee\\\/avaleht\\\/\",\"url\":\"https:\\\/\\\/hopa.ee\\\/avaleht\\\/\",\"name\":\"Avaleht - HOPA\",\"isPartOf\":{\"@id\":\"https:\\\/\\\/hopa.ee\\\/#website\"},\"primaryImageOfPage\":{\"@id\":\"https:\\\/\\\/hopa.ee\\\/avaleht\\\/#primaryimage\"},\"image\":{\"@id\":\"https:\\\/\\\/hopa.ee\\\/avaleht\\\/#primaryimage\"},\"thumbnailUrl\":\"https:\\\/\\\/www.hopa.ee\\\/wp-content\\\/uploads\\\/2024\\\/05\\\/PhotoRoom_20230406_084914-768x1024.jpg\",\"datePublished\":\"2023-04-07T09:11:40+00:00\",\"dateModified\":\"2026-02-10T08:33:45+00:00\",\"breadcrumb\":{\"@id\":\"https:\\\/\\\/hopa.ee\\\/avaleht\\\/#breadcrumb\"},\"inLanguage\":\"en-US\",\"potentialAction\":[{\"@type\":\"ReadAction\",\"target\":[\"https:\\\/\\\/hopa.ee\\\/avaleht\\\/\"]}]},{\"@type\":\"ImageObject\",\"inLanguage\":\"en-US\",\"@id\":\"https:\\\/\\\/hopa.ee\\\/avaleht\\\/#primaryimage\",\"url\":\"https:\\\/\\\/www.hopa.ee\\\/wp-content\\\/uploads\\\/2024\\\/05\\\/PhotoRoom_20230406_084914-768x1024.jpg\",\"contentUrl\":\"https:\\\/\\\/www.hopa.ee\\\/wp-content\\\/uploads\\\/2024\\\/05\\\/PhotoRoom_20230406_084914-768x1024.jpg\"},{\"@type\":\"BreadcrumbList\",\"@id\":\"https:\\\/\\\/hopa.ee\\\/avaleht\\\/#breadcrumb\",\"itemListElement\":[{\"@type\":\"ListItem\",\"position\":1,\"name\":\"Home\",\"item\":\"https:\\\/\\\/hopa.ee\\\/\"},{\"@type\":\"ListItem\",\"position\":2,\"name\":\"Avaleht\"}]},{\"@type\":\"WebSite\",\"@id\":\"https:\\\/\\\/hopa.ee\\\/#website\",\"url\":\"https:\\\/\\\/hopa.ee\\\/\",\"name\":\"HOPA\",\"description\":\"Hobuplaneerija\",\"publisher\":{\"@id\":\"https:\\\/\\\/hopa.ee\\\/#organization\"},\"potentialAction\":[{\"@type\":\"SearchAction\",\"target\":{\"@type\":\"EntryPoint\",\"urlTemplate\":\"https:\\\/\\\/hopa.ee\\\/?s={search_term_string}\"},\"query-input\":{\"@type\":\"PropertyValueSpecification\",\"valueRequired\":true,\"valueName\":\"search_term_string\"}}],\"inLanguage\":\"en-US\"},{\"@type\":\"Organization\",\"@id\":\"https:\\\/\\\/hopa.ee\\\/#organization\",\"name\":\"Muhu Entertainment\",\"url\":\"https:\\\/\\\/hopa.ee\\\/\",\"logo\":{\"@type\":\"ImageObject\",\"inLanguage\":\"en-US\",\"@id\":\"https:\\\/\\\/hopa.ee\\\/#\\\/schema\\\/logo\\\/image\\\/\",\"url\":\"https:\\\/\\\/www.hopa.ee\\\/wp-content\\\/uploads\\\/2023\\\/03\\\/6-2.png\",\"contentUrl\":\"https:\\\/\\\/www.hopa.ee\\\/wp-content\\\/uploads\\\/2023\\\/03\\\/6-2.png\",\"width\":279,\"height\":276,\"caption\":\"Muhu Entertainment\"},\"image\":{\"@id\":\"https:\\\/\\\/hopa.ee\\\/#\\\/schema\\\/logo\\\/image\\\/\"},\"sameAs\":[\"https:\\\/\\\/www.facebook.com\\\/minu.HOPA\",\"https:\\\/\\\/www.instagram.com\\\/minu.hopa\\\/\"]}]}<\/script>\n<!-- \/ Yoast SEO plugin. -->","yoast_head_json":{"title":"Avaleht - HOPA","robots":{"index":"index","follow":"follow","max-snippet":"max-snippet:-1","max-image-preview":"max-image-preview:large","max-video-preview":"max-video-preview:-1"},"canonical":"https:\/\/hopa.ee\/en\/avaleht\/","og_locale":"en_US","og_type":"article","og_title":"Avaleht - HOPA","og_description":"Tere tulemast Hopa hobuplaneerija kodulehele! Meie hobuplaneerija on m\u00e4rkmik, kuhu saad k\u00f5ik oma hobusega seotud asjad kirja panna. Siin saad hoida \u00fclevaadet oma hobuse treeningutest, veterinaari ja sepa k\u00fclastustest, hambaarsti visiitidest ning paljust muust. Lisaks v\u00f5imaldab meie hobuplaneerija sul koostada aasta-, kuu- ja n\u00e4dalaplaane ning j\u00e4lgida oma v\u00f5istluseid ning m\u00e4rkmeid. Meie eesm\u00e4rk on aidata sul...","og_url":"https:\/\/hopa.ee\/en\/avaleht\/","og_site_name":"HOPA","article_publisher":"https:\/\/www.facebook.com\/minu.HOPA","article_modified_time":"2026-02-10T08:33:45+00:00","og_image":[{"width":1920,"height":2560,"url":"https:\/\/hopa.ee\/wp-content\/uploads\/2024\/05\/PhotoRoom_20230406_084914-scaled.jpg","type":"image\/jpeg"}],"twitter_card":"summary_large_image","twitter_misc":{"Est. reading time":"3 minutes"},"schema":{"@context":"https:\/\/schema.org","@graph":[{"@type":"WebPage","@id":"https:\/\/hopa.ee\/avaleht\/","url":"https:\/\/hopa.ee\/avaleht\/","name":"Avaleht - HOPA","isPartOf":{"@id":"https:\/\/hopa.ee\/#website"},"primaryImageOfPage":{"@id":"https:\/\/hopa.ee\/avaleht\/#primaryimage"},"image":{"@id":"https:\/\/hopa.ee\/avaleht\/#primaryimage"},"thumbnailUrl":"https:\/\/www.hopa.ee\/wp-content\/uploads\/2024\/05\/PhotoRoom_20230406_084914-768x1024.jpg","datePublished":"2023-04-07T09:11:40+00:00","dateModified":"2026-02-10T08:33:45+00:00","breadcrumb":{"@id":"https:\/\/hopa.ee\/avaleht\/#breadcrumb"},"inLanguage":"en-US","potentialAction":[{"@type":"ReadAction","target":["https:\/\/hopa.ee\/avaleht\/"]}]},{"@type":"ImageObject","inLanguage":"en-US","@id":"https:\/\/hopa.ee\/avaleht\/#primaryimage","url":"https:\/\/www.hopa.ee\/wp-content\/uploads\/2024\/05\/PhotoRoom_20230406_084914-768x1024.jpg","contentUrl":"https:\/\/www.hopa.ee\/wp-content\/uploads\/2024\/05\/PhotoRoom_20230406_084914-768x1024.jpg"},{"@type":"BreadcrumbList","@id":"https:\/\/hopa.ee\/avaleht\/#breadcrumb","itemListElement":[{"@type":"ListItem","position":1,"name":"Home","item":"https:\/\/hopa.ee\/"},{"@type":"ListItem","position":2,"name":"Avaleht"}]},{"@type":"WebSite","@id":"https:\/\/hopa.ee\/#website","url":"https:\/\/hopa.ee\/","name":"HOPA","description":"Hobuplaneerija","publisher":{"@id":"https:\/\/hopa.ee\/#organization"},"potentialAction":[{"@type":"SearchAction","target":{"@type":"EntryPoint","urlTemplate":"https:\/\/hopa.ee\/?s={search_term_string}"},"query-input":{"@type":"PropertyValueSpecification","valueRequired":true,"valueName":"search_term_string"}}],"inLanguage":"en-US"},{"@type":"Organization","@id":"https:\/\/hopa.ee\/#organization","name":"Muhu Entertainment","url":"https:\/\/hopa.ee\/","logo":{"@type":"ImageObject","inLanguage":"en-US","@id":"https:\/\/hopa.ee\/#\/schema\/logo\/image\/","url":"https:\/\/www.hopa.ee\/wp-content\/uploads\/2023\/03\/6-2.png","contentUrl":"https:\/\/www.hopa.ee\/wp-content\/uploads\/2023\/03\/6-2.png","width":279,"height":276,"caption":"Muhu Entertainment"},"image":{"@id":"https:\/\/hopa.ee\/#\/schema\/logo\/image\/"},"sameAs":["https:\/\/www.facebook.com\/minu.HOPA","https:\/\/www.instagram.com\/minu.hopa\/"]}]}},"_links":{"self":[{"href":"https:\/\/hopa.ee\/en\/wp-json\/wp\/v2\/pages\/124","targetHints":{"allow":["GET"]}}],"collection":[{"href":"https:\/\/hopa.ee\/en\/wp-json\/wp\/v2\/pages"}],"about":[{"href":"https:\/\/hopa.ee\/en\/wp-json\/wp\/v2\/types\/page"}],"author":[{"embeddable":true,"href":"https:\/\/hopa.ee\/en\/wp-json\/wp\/v2\/users\/1"}],"replies":[{"embeddable":true,"href":"https:\/\/hopa.ee\/en\/wp-json\/wp\/v2\/comments?post=124"}],"version-history":[{"count":5,"href":"https:\/\/hopa.ee\/en\/wp-json\/wp\/v2\/pages\/124\/revisions"}],"predecessor-version":[{"id":293,"href":"https:\/\/hopa.ee\/en\/wp-json\/wp\/v2\/pages\/124\/revisions\/293"}],"wp:attachment":[{"href":"https:\/\/hopa.ee\/en\/wp-json\/wp\/v2\/media?parent=124"}],"curies":[{"name":"wp","href":"https:\/\/api.w.org\/{rel}","templated":true}]}}