{"id":3,"date":"2023-03-26T09:52:52","date_gmt":"2023-03-26T09:52:52","guid":{"rendered":"https:\/\/www.hopa.ee\/?page_id=3"},"modified":"2023-07-20T10:32:59","modified_gmt":"2023-07-20T07:32:59","slug":"privaatsuspoliitika","status":"publish","type":"page","link":"https:\/\/hopa.ee\/en\/privaatsuspoliitika\/","title":{"rendered":"Privacy Policy"},"content":{"rendered":"<h2 dir=\"ltr\"><strong>The responsThe responsible data controller is:ible data controller is:<\/strong><\/h2>\n<p dir=\"ltr\">The responsible data controller is:<\/p>\n<p dir=\"ltr\"><strong>Muhu Entertainment O\u00dc<\/strong><br \/>\nReg. no. 14047324<br \/>\nT\u00e4navasuu, Soonda k\u00fcla, Muhu vald, Saare maakond, Eesti<br \/>\nPhone number: +372 5647 5766<br \/>\nBank Accounts:<br \/>\nSwedbank: EE422200221064180509<\/p>\n<p dir=\"ltr\">The processing of personal data complies with Estonian and European Union legislation.<\/p>\n<p dir=\"ltr\">Vastutav t\u00f6\u00f6tleja kogub j\u00e4rgmiseid isikuandmeid: nimi, telefoninumber, aadress, e-maili aadress, pangarekvisiidid.<\/p>\n<p dir=\"ltr\">Data is used solely for order processing and delivering goods to the buyer. The seller shares personal data with shipping companies for the purpose of delivering the goods.<\/p>\n<p dir=\"ltr\">Personal data provided to the responsible controller is protected and treated as confidential information. Data transmission between the customer and banks is encrypted. The data processor does not have access to the customer's confidential banking and payment card details. The responsible controller does not disclose the received data to third parties.<\/p>\n<p dir=\"ltr\">The responsible data controller may send newsletters, including satisfaction surveys and offers, to the buyer's email address only if the buyer has previously given consent for this purpose.<\/p>","protected":false},"excerpt":{"rendered":"<p>Isikuandmete t\u00f6\u00f6tlemine: Isikuandmete vastutavaks t\u00f6\u00f6tlejaks on: Muhu Entertainment O\u00dc Reg. nr. 14047324 T\u00e4navasuu, Soonda k\u00fcla, Muhu vald, Saare maakond, Eesti tel. +372 5647 5766 Arveldusarved: Swedbank: EE422200221064180509 Isikuandmete t\u00f6\u00f6tlemisel j\u00e4rgitakse Eesti ja Euroopa Liidu \u00f5igusakte. Vastutav t\u00f6\u00f6tleja kogub j\u00e4rgmiseid isikuandmeid: nimi, telefoninumber, aadress, e-maili aadress, pangarekvisiidid. Andmeid kasutatakse ainult tellimuse t\u00f6\u00f6tlemiseks ning kauba Ostjale saatmiseks&#8230;.<\/p>","protected":false},"author":1,"featured_media":0,"parent":0,"menu_order":0,"comment_status":"closed","ping_status":"open","template":"","meta":{"_monsterinsights_skip_tracking":false,"_monsterinsights_sitenote_active":false,"_monsterinsights_sitenote_note":"","_monsterinsights_sitenote_category":0,"footnotes":""},"class_list":["post-3","page","type-page","status-publish","hentry"],"yoast_head":"<!-- This site is optimized with the Yoast SEO plugin v27.4 - https:\/\/yoast.com\/product\/yoast-seo-wordpress\/ -->\n<title>Privaatsuspoliitika - HOPA<\/title>\n<meta name=\"description\" content=\"HOPA on Eesti esimene hobuplaneerijast m\u00e4rkmik, mis on parim abiline Sinu hobuse elu-olu planeerimisel ja j\u00e4lgimisel!\" \/>\n<meta name=\"robots\" content=\"index, follow, max-snippet:-1, max-image-preview:large, max-video-preview:-1\" \/>\n<link rel=\"canonical\" href=\"https:\/\/hopa.ee\/en\/privaatsuspoliitika\/\" \/>\n<meta property=\"og:locale\" content=\"en_US\" \/>\n<meta property=\"og:type\" content=\"article\" \/>\n<meta property=\"og:title\" content=\"Privaatsuspoliitika - HOPA\" \/>\n<meta property=\"og:description\" content=\"HOPA on Eesti esimene hobuplaneerijast m\u00e4rkmik, mis on parim abiline Sinu hobuse elu-olu planeerimisel ja j\u00e4lgimisel!\" \/>\n<meta property=\"og:url\" content=\"https:\/\/hopa.ee\/en\/privaatsuspoliitika\/\" \/>\n<meta property=\"og:site_name\" content=\"HOPA\" \/>\n<meta property=\"article:publisher\" content=\"https:\/\/www.facebook.com\/minu.HOPA\" \/>\n<meta property=\"article:modified_time\" content=\"2023-07-20T07:32:59+00:00\" \/>\n<meta name=\"twitter:card\" content=\"summary_large_image\" \/>\n<meta name=\"twitter:label1\" content=\"Est. reading time\" \/>\n\t<meta name=\"twitter:data1\" content=\"1 minute\" \/>\n<script type=\"application\/ld+json\" class=\"yoast-schema-graph\">{\"@context\":\"https:\\\/\\\/schema.org\",\"@graph\":[{\"@type\":\"WebPage\",\"@id\":\"https:\\\/\\\/hopa.ee\\\/privaatsuspoliitika\\\/\",\"url\":\"https:\\\/\\\/hopa.ee\\\/privaatsuspoliitika\\\/\",\"name\":\"Privaatsuspoliitika - HOPA\",\"isPartOf\":{\"@id\":\"https:\\\/\\\/hopa.ee\\\/#website\"},\"datePublished\":\"2023-03-26T09:52:52+00:00\",\"dateModified\":\"2023-07-20T07:32:59+00:00\",\"description\":\"HOPA on Eesti esimene hobuplaneerijast m\u00e4rkmik, mis on parim abiline Sinu hobuse elu-olu planeerimisel ja j\u00e4lgimisel!\",\"breadcrumb\":{\"@id\":\"https:\\\/\\\/hopa.ee\\\/privaatsuspoliitika\\\/#breadcrumb\"},\"inLanguage\":\"en-US\",\"potentialAction\":[{\"@type\":\"ReadAction\",\"target\":[\"https:\\\/\\\/hopa.ee\\\/privaatsuspoliitika\\\/\"]}]},{\"@type\":\"BreadcrumbList\",\"@id\":\"https:\\\/\\\/hopa.ee\\\/privaatsuspoliitika\\\/#breadcrumb\",\"itemListElement\":[{\"@type\":\"ListItem\",\"position\":1,\"name\":\"Home\",\"item\":\"https:\\\/\\\/hopa.ee\\\/\"},{\"@type\":\"ListItem\",\"position\":2,\"name\":\"Privaatsuspoliitika\"}]},{\"@type\":\"WebSite\",\"@id\":\"https:\\\/\\\/hopa.ee\\\/#website\",\"url\":\"https:\\\/\\\/hopa.ee\\\/\",\"name\":\"HOPA\",\"description\":\"Hobuplaneerija\",\"publisher\":{\"@id\":\"https:\\\/\\\/hopa.ee\\\/#organization\"},\"potentialAction\":[{\"@type\":\"SearchAction\",\"target\":{\"@type\":\"EntryPoint\",\"urlTemplate\":\"https:\\\/\\\/hopa.ee\\\/?s={search_term_string}\"},\"query-input\":{\"@type\":\"PropertyValueSpecification\",\"valueRequired\":true,\"valueName\":\"search_term_string\"}}],\"inLanguage\":\"en-US\"},{\"@type\":\"Organization\",\"@id\":\"https:\\\/\\\/hopa.ee\\\/#organization\",\"name\":\"Muhu Entertainment\",\"url\":\"https:\\\/\\\/hopa.ee\\\/\",\"logo\":{\"@type\":\"ImageObject\",\"inLanguage\":\"en-US\",\"@id\":\"https:\\\/\\\/hopa.ee\\\/#\\\/schema\\\/logo\\\/image\\\/\",\"url\":\"https:\\\/\\\/www.hopa.ee\\\/wp-content\\\/uploads\\\/2023\\\/03\\\/6-2.png\",\"contentUrl\":\"https:\\\/\\\/www.hopa.ee\\\/wp-content\\\/uploads\\\/2023\\\/03\\\/6-2.png\",\"width\":279,\"height\":276,\"caption\":\"Muhu Entertainment\"},\"image\":{\"@id\":\"https:\\\/\\\/hopa.ee\\\/#\\\/schema\\\/logo\\\/image\\\/\"},\"sameAs\":[\"https:\\\/\\\/www.facebook.com\\\/minu.HOPA\",\"https:\\\/\\\/www.instagram.com\\\/minu.hopa\\\/\"]}]}<\/script>\n<!-- \/ Yoast SEO plugin. -->","yoast_head_json":{"title":"Privaatsuspoliitika - HOPA","description":"HOPA on Eesti esimene hobuplaneerijast m\u00e4rkmik, mis on parim abiline Sinu hobuse elu-olu planeerimisel ja j\u00e4lgimisel!","robots":{"index":"index","follow":"follow","max-snippet":"max-snippet:-1","max-image-preview":"max-image-preview:large","max-video-preview":"max-video-preview:-1"},"canonical":"https:\/\/hopa.ee\/en\/privaatsuspoliitika\/","og_locale":"en_US","og_type":"article","og_title":"Privaatsuspoliitika - HOPA","og_description":"HOPA on Eesti esimene hobuplaneerijast m\u00e4rkmik, mis on parim abiline Sinu hobuse elu-olu planeerimisel ja j\u00e4lgimisel!","og_url":"https:\/\/hopa.ee\/en\/privaatsuspoliitika\/","og_site_name":"HOPA","article_publisher":"https:\/\/www.facebook.com\/minu.HOPA","article_modified_time":"2023-07-20T07:32:59+00:00","twitter_card":"summary_large_image","twitter_misc":{"Est. reading time":"1 minute"},"schema":{"@context":"https:\/\/schema.org","@graph":[{"@type":"WebPage","@id":"https:\/\/hopa.ee\/privaatsuspoliitika\/","url":"https:\/\/hopa.ee\/privaatsuspoliitika\/","name":"Privaatsuspoliitika - HOPA","isPartOf":{"@id":"https:\/\/hopa.ee\/#website"},"datePublished":"2023-03-26T09:52:52+00:00","dateModified":"2023-07-20T07:32:59+00:00","description":"HOPA on Eesti esimene hobuplaneerijast m\u00e4rkmik, mis on parim abiline Sinu hobuse elu-olu planeerimisel ja j\u00e4lgimisel!","breadcrumb":{"@id":"https:\/\/hopa.ee\/privaatsuspoliitika\/#breadcrumb"},"inLanguage":"en-US","potentialAction":[{"@type":"ReadAction","target":["https:\/\/hopa.ee\/privaatsuspoliitika\/"]}]},{"@type":"BreadcrumbList","@id":"https:\/\/hopa.ee\/privaatsuspoliitika\/#breadcrumb","itemListElement":[{"@type":"ListItem","position":1,"name":"Home","item":"https:\/\/hopa.ee\/"},{"@type":"ListItem","position":2,"name":"Privaatsuspoliitika"}]},{"@type":"WebSite","@id":"https:\/\/hopa.ee\/#website","url":"https:\/\/hopa.ee\/","name":"HOPA","description":"Hobuplaneerija","publisher":{"@id":"https:\/\/hopa.ee\/#organization"},"potentialAction":[{"@type":"SearchAction","target":{"@type":"EntryPoint","urlTemplate":"https:\/\/hopa.ee\/?s={search_term_string}"},"query-input":{"@type":"PropertyValueSpecification","valueRequired":true,"valueName":"search_term_string"}}],"inLanguage":"en-US"},{"@type":"Organization","@id":"https:\/\/hopa.ee\/#organization","name":"Muhu Entertainment","url":"https:\/\/hopa.ee\/","logo":{"@type":"ImageObject","inLanguage":"en-US","@id":"https:\/\/hopa.ee\/#\/schema\/logo\/image\/","url":"https:\/\/www.hopa.ee\/wp-content\/uploads\/2023\/03\/6-2.png","contentUrl":"https:\/\/www.hopa.ee\/wp-content\/uploads\/2023\/03\/6-2.png","width":279,"height":276,"caption":"Muhu Entertainment"},"image":{"@id":"https:\/\/hopa.ee\/#\/schema\/logo\/image\/"},"sameAs":["https:\/\/www.facebook.com\/minu.HOPA","https:\/\/www.instagram.com\/minu.hopa\/"]}]}},"_links":{"self":[{"href":"https:\/\/hopa.ee\/en\/wp-json\/wp\/v2\/pages\/3","targetHints":{"allow":["GET"]}}],"collection":[{"href":"https:\/\/hopa.ee\/en\/wp-json\/wp\/v2\/pages"}],"about":[{"href":"https:\/\/hopa.ee\/en\/wp-json\/wp\/v2\/types\/page"}],"author":[{"embeddable":true,"href":"https:\/\/hopa.ee\/en\/wp-json\/wp\/v2\/users\/1"}],"replies":[{"embeddable":true,"href":"https:\/\/hopa.ee\/en\/wp-json\/wp\/v2\/comments?post=3"}],"version-history":[{"count":3,"href":"https:\/\/hopa.ee\/en\/wp-json\/wp\/v2\/pages\/3\/revisions"}],"predecessor-version":[{"id":77,"href":"https:\/\/hopa.ee\/en\/wp-json\/wp\/v2\/pages\/3\/revisions\/77"}],"wp:attachment":[{"href":"https:\/\/hopa.ee\/en\/wp-json\/wp\/v2\/media?parent=3"}],"curies":[{"name":"wp","href":"https:\/\/api.w.org\/{rel}","templated":true}]}}