{"id":93,"date":"2023-04-06T06:16:04","date_gmt":"2023-04-06T06:16:04","guid":{"rendered":"https:\/\/www.hopa.ee\/?post_type=product&#038;p=93"},"modified":"2026-02-10T11:33:00","modified_gmt":"2026-02-10T08:33:00","slug":"hopa-hobuplaneerija-markmik-2026","status":"publish","type":"product","link":"https:\/\/hopa.ee\/en\/product\/hopa-hobuplaneerija-markmik-2026\/","title":{"rendered":"Hopa Horse Planner"},"content":{"rendered":"<p><span data-sheets-value=\"{&quot;1&quot;:2,&quot;2&quot;:&quot;Hei k\u00f5ik hobus\u00f5brad! \ud83d\udc34\ud83d\udc34 Tutvustame teile Hopa hobuplaneerijat!\u270f\ufe0f See on m\u00e4rkmik, kuhu saate: \ud83d\udcdd kirjutada \u00fcles k\u00f5ik oma hobuse andmed \ud83d\udcdd planeerida n\u00e4dala-, kuu-, aastaplaane ja v\u00f5istluseid \ud83d\udcdd teha m\u00e4rkmeid sepa, veterinaari, sadulapassija visiitidest... ...ning palju muud. Esimesed eksemplarid on peagi teile tellimiseks valmis! \ud83d\udecd\ufe0f\ud83d\udecd\ufe0f&quot;}\" data-sheets-userformat=\"{&quot;2&quot;:15171,&quot;3&quot;:{&quot;1&quot;:0},&quot;4&quot;:{&quot;1&quot;:2,&quot;2&quot;:16777215},&quot;9&quot;:1,&quot;11&quot;:4,&quot;12&quot;:0,&quot;14&quot;:{&quot;1&quot;:2,&quot;2&quot;:2500134},&quot;15&quot;:&quot;Arial&quot;,&quot;16&quot;:11}\">\ud83d\udc34\ud83d\udc34 Hopa Horse Planner is a notebook where you can: <\/span><\/p>\n<p><span data-sheets-value=\"{&quot;1&quot;:2,&quot;2&quot;:&quot;Hei k\u00f5ik hobus\u00f5brad! \ud83d\udc34\ud83d\udc34 Tutvustame teile Hopa hobuplaneerijat!\u270f\ufe0f See on m\u00e4rkmik, kuhu saate: \ud83d\udcdd kirjutada \u00fcles k\u00f5ik oma hobuse andmed \ud83d\udcdd planeerida n\u00e4dala-, kuu-, aastaplaane ja v\u00f5istluseid \ud83d\udcdd teha m\u00e4rkmeid sepa, veterinaari, sadulapassija visiitidest... ...ning palju muud. Esimesed eksemplarid on peagi teile tellimiseks valmis! \ud83d\udecd\ufe0f\ud83d\udecd\ufe0f&quot;}\" data-sheets-userformat=\"{&quot;2&quot;:15171,&quot;3&quot;:{&quot;1&quot;:0},&quot;4&quot;:{&quot;1&quot;:2,&quot;2&quot;:16777215},&quot;9&quot;:1,&quot;11&quot;:4,&quot;12&quot;:0,&quot;14&quot;:{&quot;1&quot;:2,&quot;2&quot;:2500134},&quot;15&quot;:&quot;Arial&quot;,&quot;16&quot;:11}\">\ud83d\udcdd Record all your horse's details, health checkups, feeding plans, training schedules, budgets<\/span><\/p>\n<p><span data-sheets-value=\"{&quot;1&quot;:2,&quot;2&quot;:&quot;Hei k\u00f5ik hobus\u00f5brad! \ud83d\udc34\ud83d\udc34 Tutvustame teile Hopa hobuplaneerijat!\u270f\ufe0f See on m\u00e4rkmik, kuhu saate: \ud83d\udcdd kirjutada \u00fcles k\u00f5ik oma hobuse andmed \ud83d\udcdd planeerida n\u00e4dala-, kuu-, aastaplaane ja v\u00f5istluseid \ud83d\udcdd teha m\u00e4rkmeid sepa, veterinaari, sadulapassija visiitidest... ...ning palju muud. Esimesed eksemplarid on peagi teile tellimiseks valmis! \ud83d\udecd\ufe0f\ud83d\udecd\ufe0f&quot;}\" data-sheets-userformat=\"{&quot;2&quot;:15171,&quot;3&quot;:{&quot;1&quot;:0},&quot;4&quot;:{&quot;1&quot;:2,&quot;2&quot;:16777215},&quot;9&quot;:1,&quot;11&quot;:4,&quot;12&quot;:0,&quot;14&quot;:{&quot;1&quot;:2,&quot;2&quot;:2500134},&quot;15&quot;:&quot;Arial&quot;,&quot;16&quot;:11}\">\ud83d\udcdd Plan weekly, monthly, yearly schedules, and competitions <\/span><\/p>\n<p><span data-sheets-value=\"{&quot;1&quot;:2,&quot;2&quot;:&quot;Hei k\u00f5ik hobus\u00f5brad! \ud83d\udc34\ud83d\udc34 Tutvustame teile Hopa hobuplaneerijat!\u270f\ufe0f See on m\u00e4rkmik, kuhu saate: \ud83d\udcdd kirjutada \u00fcles k\u00f5ik oma hobuse andmed \ud83d\udcdd planeerida n\u00e4dala-, kuu-, aastaplaane ja v\u00f5istluseid \ud83d\udcdd teha m\u00e4rkmeid sepa, veterinaari, sadulapassija visiitidest... ...ning palju muud. Esimesed eksemplarid on peagi teile tellimiseks valmis! \ud83d\udecd\ufe0f\ud83d\udecd\ufe0f&quot;}\" data-sheets-userformat=\"{&quot;2&quot;:15171,&quot;3&quot;:{&quot;1&quot;:0},&quot;4&quot;:{&quot;1&quot;:2,&quot;2&quot;:16777215},&quot;9&quot;:1,&quot;11&quot;:4,&quot;12&quot;:0,&quot;14&quot;:{&quot;1&quot;:2,&quot;2&quot;:2500134},&quot;15&quot;:&quot;Arial&quot;,&quot;16&quot;:11}\">\ud83d\udcdd Take notes on visits from the farrier, veterinarian, saddle fitter...<\/span><span data-sheets-value=\"{&quot;1&quot;:2,&quot;2&quot;:&quot;Hei k\u00f5ik hobus\u00f5brad! \ud83d\udc34\ud83d\udc34 Tutvustame teile Hopa hobuplaneerijat!\u270f\ufe0f See on m\u00e4rkmik, kuhu saate: \ud83d\udcdd kirjutada \u00fcles k\u00f5ik oma hobuse andmed \ud83d\udcdd planeerida n\u00e4dala-, kuu-, aastaplaane ja v\u00f5istluseid \ud83d\udcdd teha m\u00e4rkmeid sepa, veterinaari, sadulapassija visiitidest... ...ning palju muud. Esimesed eksemplarid on peagi teile tellimiseks valmis! \ud83d\udecd\ufe0f\ud83d\udecd\ufe0f&quot;}\" data-sheets-userformat=\"{&quot;2&quot;:15171,&quot;3&quot;:{&quot;1&quot;:0},&quot;4&quot;:{&quot;1&quot;:2,&quot;2&quot;:16777215},&quot;9&quot;:1,&quot;11&quot;:4,&quot;12&quot;:0,&quot;14&quot;:{&quot;1&quot;:2,&quot;2&quot;:2500134},&quot;15&quot;:&quot;Arial&quot;,&quot;16&quot;:11}\">&#8230; <\/span><\/p>\n<p><span data-sheets-value=\"{&quot;1&quot;:2,&quot;2&quot;:&quot;Hei k\u00f5ik hobus\u00f5brad! \ud83d\udc34\ud83d\udc34 Tutvustame teile Hopa hobuplaneerijat!\u270f\ufe0f See on m\u00e4rkmik, kuhu saate: \ud83d\udcdd kirjutada \u00fcles k\u00f5ik oma hobuse andmed \ud83d\udcdd planeerida n\u00e4dala-, kuu-, aastaplaane ja v\u00f5istluseid \ud83d\udcdd teha m\u00e4rkmeid sepa, veterinaari, sadulapassija visiitidest... ...ning palju muud. Esimesed eksemplarid on peagi teile tellimiseks valmis! \ud83d\udecd\ufe0f\ud83d\udecd\ufe0f&quot;}\" data-sheets-userformat=\"{&quot;2&quot;:15171,&quot;3&quot;:{&quot;1&quot;:0},&quot;4&quot;:{&quot;1&quot;:2,&quot;2&quot;:16777215},&quot;9&quot;:1,&quot;11&quot;:4,&quot;12&quot;:0,&quot;14&quot;:{&quot;1&quot;:2,&quot;2&quot;:2500134},&quot;15&quot;:&quot;Arial&quot;,&quot;16&quot;:11}\">...and much more.\u00a0<\/span><\/p>\n<p>Hopa koosneb 128 v\u00e4rvilisest lehek\u00fcljest ja 2026. aasta kalendrist.<\/p>\n<p>In Hopa, there are no dates! Why? So you can start using the planner at any time during the year and keep using it until you run out of space!<\/p>\n<p>Each calendar comes with a pen and a little surprise!<\/p>\n<p>Available in Estonian, English, and Finnish!<\/p>","protected":false},"excerpt":{"rendered":"<p><span data-sheets-value=\"{&quot;1&quot;:2,&quot;2&quot;:&quot;Hei k\u00f5ik hobus\u00f5brad! \ud83d\udc34\ud83d\udc34 Tutvustame teile Hopa hobuplaneerijat!\u270f\ufe0f See on m\u00e4rkmik, kuhu saate: \ud83d\udcdd kirjutada \u00fcles k\u00f5ik oma hobuse andmed \ud83d\udcdd planeerida n\u00e4dala-, kuu-, aastaplaane ja v\u00f5istluseid \ud83d\udcdd teha m\u00e4rkmeid sepa, veterinaari, sadulapassija visiitidest... ...ning palju muud. Esimesed eksemplarid on peagi teile tellimiseks valmis! \ud83d\udecd\ufe0f\ud83d\udecd\ufe0f&quot;}\" data-sheets-userformat=\"{&quot;2&quot;:15171,&quot;3&quot;:{&quot;1&quot;:0},&quot;4&quot;:{&quot;1&quot;:2,&quot;2&quot;:16777215},&quot;9&quot;:1,&quot;11&quot;:4,&quot;12&quot;:0,&quot;14&quot;:{&quot;1&quot;:2,&quot;2&quot;:2500134},&quot;15&quot;:&quot;Arial&quot;,&quot;16&quot;:11}\">\ud83d\udc34\ud83d\udc34 Hopa Horse Planner is a notebook where you can: <\/span><\/p>\n<p><span data-sheets-value=\"{&quot;1&quot;:2,&quot;2&quot;:&quot;Hei k\u00f5ik hobus\u00f5brad! \ud83d\udc34\ud83d\udc34 Tutvustame teile Hopa hobuplaneerijat!\u270f\ufe0f See on m\u00e4rkmik, kuhu saate: \ud83d\udcdd kirjutada \u00fcles k\u00f5ik oma hobuse andmed \ud83d\udcdd planeerida n\u00e4dala-, kuu-, aastaplaane ja v\u00f5istluseid \ud83d\udcdd teha m\u00e4rkmeid sepa, veterinaari, sadulapassija visiitidest... ...ning palju muud. Esimesed eksemplarid on peagi teile tellimiseks valmis! \ud83d\udecd\ufe0f\ud83d\udecd\ufe0f&quot;}\" data-sheets-userformat=\"{&quot;2&quot;:15171,&quot;3&quot;:{&quot;1&quot;:0},&quot;4&quot;:{&quot;1&quot;:2,&quot;2&quot;:16777215},&quot;9&quot;:1,&quot;11&quot;:4,&quot;12&quot;:0,&quot;14&quot;:{&quot;1&quot;:2,&quot;2&quot;:2500134},&quot;15&quot;:&quot;Arial&quot;,&quot;16&quot;:11}\">\ud83d\udcdd Record all your horse's details, health checkups, feeding plans, training schedules, budgets<\/span><\/p>\n<p><span data-sheets-value=\"{&quot;1&quot;:2,&quot;2&quot;:&quot;Hei k\u00f5ik hobus\u00f5brad! \ud83d\udc34\ud83d\udc34 Tutvustame teile Hopa hobuplaneerijat!\u270f\ufe0f See on m\u00e4rkmik, kuhu saate: \ud83d\udcdd kirjutada \u00fcles k\u00f5ik oma hobuse andmed \ud83d\udcdd planeerida n\u00e4dala-, kuu-, aastaplaane ja v\u00f5istluseid \ud83d\udcdd teha m\u00e4rkmeid sepa, veterinaari, sadulapassija visiitidest... ...ning palju muud. Esimesed eksemplarid on peagi teile tellimiseks valmis! \ud83d\udecd\ufe0f\ud83d\udecd\ufe0f&quot;}\" data-sheets-userformat=\"{&quot;2&quot;:15171,&quot;3&quot;:{&quot;1&quot;:0},&quot;4&quot;:{&quot;1&quot;:2,&quot;2&quot;:16777215},&quot;9&quot;:1,&quot;11&quot;:4,&quot;12&quot;:0,&quot;14&quot;:{&quot;1&quot;:2,&quot;2&quot;:2500134},&quot;15&quot;:&quot;Arial&quot;,&quot;16&quot;:11}\">\ud83d\udcdd Plan weekly, monthly, yearly schedules, and competitions <\/span><\/p>\n<p><span data-sheets-value=\"{&quot;1&quot;:2,&quot;2&quot;:&quot;Hei k\u00f5ik hobus\u00f5brad! \ud83d\udc34\ud83d\udc34 Tutvustame teile Hopa hobuplaneerijat!\u270f\ufe0f See on m\u00e4rkmik, kuhu saate: \ud83d\udcdd kirjutada \u00fcles k\u00f5ik oma hobuse andmed \ud83d\udcdd planeerida n\u00e4dala-, kuu-, aastaplaane ja v\u00f5istluseid \ud83d\udcdd teha m\u00e4rkmeid sepa, veterinaari, sadulapassija visiitidest... ...ning palju muud. Esimesed eksemplarid on peagi teile tellimiseks valmis! \ud83d\udecd\ufe0f\ud83d\udecd\ufe0f&quot;}\" data-sheets-userformat=\"{&quot;2&quot;:15171,&quot;3&quot;:{&quot;1&quot;:0},&quot;4&quot;:{&quot;1&quot;:2,&quot;2&quot;:16777215},&quot;9&quot;:1,&quot;11&quot;:4,&quot;12&quot;:0,&quot;14&quot;:{&quot;1&quot;:2,&quot;2&quot;:2500134},&quot;15&quot;:&quot;Arial&quot;,&quot;16&quot;:11}\">\ud83d\udcdd Take notes on visits from the farrier, veterinarian, saddle fitter...<\/span><span data-sheets-value=\"{&quot;1&quot;:2,&quot;2&quot;:&quot;Hei k\u00f5ik hobus\u00f5brad! \ud83d\udc34\ud83d\udc34 Tutvustame teile Hopa hobuplaneerijat!\u270f\ufe0f See on m\u00e4rkmik, kuhu saate: \ud83d\udcdd kirjutada \u00fcles k\u00f5ik oma hobuse andmed \ud83d\udcdd planeerida n\u00e4dala-, kuu-, aastaplaane ja v\u00f5istluseid \ud83d\udcdd teha m\u00e4rkmeid sepa, veterinaari, sadulapassija visiitidest... ...ning palju muud. Esimesed eksemplarid on peagi teile tellimiseks valmis! \ud83d\udecd\ufe0f\ud83d\udecd\ufe0f&quot;}\" data-sheets-userformat=\"{&quot;2&quot;:15171,&quot;3&quot;:{&quot;1&quot;:0},&quot;4&quot;:{&quot;1&quot;:2,&quot;2&quot;:16777215},&quot;9&quot;:1,&quot;11&quot;:4,&quot;12&quot;:0,&quot;14&quot;:{&quot;1&quot;:2,&quot;2&quot;:2500134},&quot;15&quot;:&quot;Arial&quot;,&quot;16&quot;:11}\">&#8230; <\/span><\/p>\n<p><span data-sheets-value=\"{&quot;1&quot;:2,&quot;2&quot;:&quot;Hei k\u00f5ik hobus\u00f5brad! \ud83d\udc34\ud83d\udc34 Tutvustame teile Hopa hobuplaneerijat!\u270f\ufe0f See on m\u00e4rkmik, kuhu saate: \ud83d\udcdd kirjutada \u00fcles k\u00f5ik oma hobuse andmed \ud83d\udcdd planeerida n\u00e4dala-, kuu-, aastaplaane ja v\u00f5istluseid \ud83d\udcdd teha m\u00e4rkmeid sepa, veterinaari, sadulapassija visiitidest... ...ning palju muud. Esimesed eksemplarid on peagi teile tellimiseks valmis! \ud83d\udecd\ufe0f\ud83d\udecd\ufe0f&quot;}\" data-sheets-userformat=\"{&quot;2&quot;:15171,&quot;3&quot;:{&quot;1&quot;:0},&quot;4&quot;:{&quot;1&quot;:2,&quot;2&quot;:16777215},&quot;9&quot;:1,&quot;11&quot;:4,&quot;12&quot;:0,&quot;14&quot;:{&quot;1&quot;:2,&quot;2&quot;:2500134},&quot;15&quot;:&quot;Arial&quot;,&quot;16&quot;:11}\">...and much more.\u00a0<\/span><\/p>\n<p>Hopa koosneb 128 v\u00e4rvilisest lehek\u00fcljest ja 2026. aasta kalendrist.<\/p>\n<p>In Hopa, there are no dates! Why? So you can start using the planner at any time during the year and keep using it until you run out of space!<\/p>\n<p>Our horse planner is specifically designed for horse enthusiasts, easy to use, and adaptable to your needs. We're confident it will be a fantastic companion in planning your and your horse's life and activities!<\/p>\n<p>Available in Estonian, English, and Finnish! Please add your preferred language choice to the order information!<\/p>","protected":false},"featured_media":253,"comment_status":"open","ping_status":"closed","template":"","meta":{"_monsterinsights_skip_tracking":false,"_monsterinsights_sitenote_active":false,"_monsterinsights_sitenote_note":"","_monsterinsights_sitenote_category":0},"product_brand":[],"product_cat":[15],"product_tag":[29,24,28,31,34,35,22,23,33,36,25,21,27,32,30,26],"class_list":{"0":"post-93","1":"product","2":"type-product","3":"status-publish","4":"has-post-thumbnail","6":"product_cat-markmikud","7":"product_tag-dressage","8":"product_tag-eesti","9":"product_tag-equestrian","10":"product_tag-eventing","11":"product_tag-hevoset","12":"product_tag-hobused","13":"product_tag-hopa","14":"product_tag-hopa-hobuplaneerija","15":"product_tag-horse-planner","16":"product_tag-horses","17":"product_tag-inglise","18":"product_tag-markmik","19":"product_tag-ratsutamine","20":"product_tag-riding-school","21":"product_tag-showjumping","22":"product_tag-soome","24":"first","25":"instock","26":"sale","27":"featured","28":"purchasable","29":"product-type-simple"},"yoast_head":"<!-- This site is optimized with the Yoast SEO plugin v27.4 - https:\/\/yoast.com\/product\/yoast-seo-wordpress\/ -->\n<title>Eesti esimene hobuplaneerija - Hopa - M\u00e4rkmik 2026<\/title>\n<meta name=\"description\" content=\"Parim abiline sinu hobuse elu-olu planeerimisel! Saadaval eesti, inglise ja soome keeles! Hopas ei ole \u00fchtegi kuup\u00e4eva! Miks? Just sellep\u00e4rast, et saaksid m\u00e4rkmiku kasutusele v\u00f5tta \u00fcksk\u00f5ik millal aasta jooksul ning kasutada seni kuniks ruumi jagub!\ud83d\udc34\ud83d\udc34 Hopa hobuplaneerijat on m\u00e4rkmik, kuhu saate:\ud83d\udcdd kirjutada \u00fcles k\u00f5ik oma hobuse andmed, tervisekontrollid, s\u00f6\u00f6tmisplaanid, treeningkavad, eelarved\ud83d\udcdd planeerida n\u00e4dala-, kuu-, aastaplaane ja v\u00f5istluseid\ud83d\udcdd teha m\u00e4rkmeid sepa, veterinaari, sadulapassija visiitidest......ning palju muud! Meie hobuplaneerija on loodud spetsiaalselt hobuinimestele ning seda on lihtne kasutada ja kohandada vastavalt oma vajadustele. Oleme kindlad, et see saab olema sinu ja sinu hobuse suurep\u00e4rane kaaslane tema elu-olu planeerimisel!\" \/>\n<meta name=\"robots\" content=\"index, follow, max-snippet:-1, max-image-preview:large, max-video-preview:-1\" \/>\n<link rel=\"canonical\" href=\"https:\/\/hopa.ee\/en\/product\/hopa-hobuplaneerija-markmik-2026\/\" \/>\n<meta property=\"og:locale\" content=\"en_US\" \/>\n<meta property=\"og:type\" content=\"article\" \/>\n<meta property=\"og:title\" content=\"Hopa hobuplaneerija\" \/>\n<meta property=\"og:description\" content=\"\ud83d\udc34\ud83d\udc34 Hopa hobuplaneerijat on m\u00e4rkmik, kuhu saate:\ud83d\udcdd kirjutada \u00fcles k\u00f5ik oma hobuse andmed, tervisekontrollid, s\u00f6\u00f6tmisplaanid, treeningkavad, eelarved\ud83d\udcdd planeerida n\u00e4dala-, kuu-, aastaplaane ja v\u00f5istluseid\ud83d\udcdd teha m\u00e4rkmeid sepa, veterinaari, sadulapassija visiitidest ning palju muud. Hopa koosneb 128 v\u00e4rvilisest lehek\u00fcljest ja 2023. aasta kalendrist. Saadaval eesti, inglise ja soome keeles!\" \/>\n<meta property=\"og:url\" content=\"https:\/\/hopa.ee\/en\/product\/hopa-hobuplaneerija-markmik-2026\/\" \/>\n<meta property=\"og:site_name\" content=\"HOPA\" \/>\n<meta property=\"article:publisher\" content=\"https:\/\/www.facebook.com\/minu.HOPA\" \/>\n<meta property=\"article:modified_time\" content=\"2026-02-10T08:33:00+00:00\" \/>\n<meta property=\"og:image\" content=\"https:\/\/hopa.ee\/wp-content\/uploads\/2023\/04\/PhotoRoom_20230331_191523-scaled.jpg\" \/>\n\t<meta property=\"og:image:width\" content=\"1920\" \/>\n\t<meta property=\"og:image:height\" content=\"2560\" \/>\n\t<meta property=\"og:image:type\" content=\"image\/jpeg\" \/>\n<meta name=\"twitter:card\" content=\"summary_large_image\" \/>\n<meta name=\"twitter:label1\" content=\"Est. reading time\" \/>\n\t<meta name=\"twitter:data1\" content=\"1 minute\" \/>\n<script type=\"application\/ld+json\" class=\"yoast-schema-graph\">{\"@context\":\"https:\\\/\\\/schema.org\",\"@graph\":[{\"@type\":\"WebPage\",\"@id\":\"https:\\\/\\\/hopa.ee\\\/toode\\\/hopa-hobuplaneerija-markmik-2026\\\/\",\"url\":\"https:\\\/\\\/hopa.ee\\\/toode\\\/hopa-hobuplaneerija-markmik-2026\\\/\",\"name\":\"Eesti esimene hobuplaneerija - Hopa - M\u00e4rkmik 2026\",\"isPartOf\":{\"@id\":\"https:\\\/\\\/hopa.ee\\\/#website\"},\"primaryImageOfPage\":{\"@id\":\"https:\\\/\\\/hopa.ee\\\/toode\\\/hopa-hobuplaneerija-markmik-2026\\\/#primaryimage\"},\"image\":{\"@id\":\"https:\\\/\\\/hopa.ee\\\/toode\\\/hopa-hobuplaneerija-markmik-2026\\\/#primaryimage\"},\"thumbnailUrl\":\"https:\\\/\\\/hopa.ee\\\/wp-content\\\/uploads\\\/2024\\\/05\\\/PhotoRoom_20230406_084914-scaled.jpg\",\"datePublished\":\"2023-04-06T06:16:04+00:00\",\"dateModified\":\"2026-02-10T08:33:00+00:00\",\"description\":\"Parim abiline sinu hobuse elu-olu planeerimisel! Saadaval eesti, inglise ja soome keeles! Hopas ei ole \u00fchtegi kuup\u00e4eva! Miks? Just sellep\u00e4rast, et saaksid m\u00e4rkmiku kasutusele v\u00f5tta \u00fcksk\u00f5ik millal aasta jooksul ning kasutada seni kuniks ruumi jagub!\ud83d\udc34\ud83d\udc34 Hopa hobuplaneerijat on m\u00e4rkmik, kuhu saate:\ud83d\udcdd kirjutada \u00fcles k\u00f5ik oma hobuse andmed, tervisekontrollid, s\u00f6\u00f6tmisplaanid, treeningkavad, eelarved\ud83d\udcdd planeerida n\u00e4dala-, kuu-, aastaplaane ja v\u00f5istluseid\ud83d\udcdd teha m\u00e4rkmeid sepa, veterinaari, sadulapassija visiitidest......ning palju muud! Meie hobuplaneerija on loodud spetsiaalselt hobuinimestele ning seda on lihtne kasutada ja kohandada vastavalt oma vajadustele. Oleme kindlad, et see saab olema sinu ja sinu hobuse suurep\u00e4rane kaaslane tema elu-olu planeerimisel!\",\"breadcrumb\":{\"@id\":\"https:\\\/\\\/hopa.ee\\\/toode\\\/hopa-hobuplaneerija-markmik-2026\\\/#breadcrumb\"},\"inLanguage\":\"en-US\",\"potentialAction\":[{\"@type\":\"ReadAction\",\"target\":[\"https:\\\/\\\/hopa.ee\\\/toode\\\/hopa-hobuplaneerija-markmik-2026\\\/\"]}]},{\"@type\":\"ImageObject\",\"inLanguage\":\"en-US\",\"@id\":\"https:\\\/\\\/hopa.ee\\\/toode\\\/hopa-hobuplaneerija-markmik-2026\\\/#primaryimage\",\"url\":\"https:\\\/\\\/hopa.ee\\\/wp-content\\\/uploads\\\/2024\\\/05\\\/PhotoRoom_20230406_084914-scaled.jpg\",\"contentUrl\":\"https:\\\/\\\/hopa.ee\\\/wp-content\\\/uploads\\\/2024\\\/05\\\/PhotoRoom_20230406_084914-scaled.jpg\",\"width\":1920,\"height\":2560,\"caption\":\"Horse diary, horse notebook, horse planner, planner, diary, notebook, horse riding, equestrian planner, equestrian competition, yearly planner\"},{\"@type\":\"BreadcrumbList\",\"@id\":\"https:\\\/\\\/hopa.ee\\\/toode\\\/hopa-hobuplaneerija-markmik-2026\\\/#breadcrumb\",\"itemListElement\":[{\"@type\":\"ListItem\",\"position\":1,\"name\":\"Home\",\"item\":\"https:\\\/\\\/hopa.ee\\\/\"},{\"@type\":\"ListItem\",\"position\":2,\"name\":\"Hopa hobuplaneerija\"}]},{\"@type\":\"WebSite\",\"@id\":\"https:\\\/\\\/hopa.ee\\\/#website\",\"url\":\"https:\\\/\\\/hopa.ee\\\/\",\"name\":\"HOPA\",\"description\":\"Hobuplaneerija\",\"publisher\":{\"@id\":\"https:\\\/\\\/hopa.ee\\\/#organization\"},\"potentialAction\":[{\"@type\":\"SearchAction\",\"target\":{\"@type\":\"EntryPoint\",\"urlTemplate\":\"https:\\\/\\\/hopa.ee\\\/?s={search_term_string}\"},\"query-input\":{\"@type\":\"PropertyValueSpecification\",\"valueRequired\":true,\"valueName\":\"search_term_string\"}}],\"inLanguage\":\"en-US\"},{\"@type\":\"Organization\",\"@id\":\"https:\\\/\\\/hopa.ee\\\/#organization\",\"name\":\"Muhu Entertainment\",\"url\":\"https:\\\/\\\/hopa.ee\\\/\",\"logo\":{\"@type\":\"ImageObject\",\"inLanguage\":\"en-US\",\"@id\":\"https:\\\/\\\/hopa.ee\\\/#\\\/schema\\\/logo\\\/image\\\/\",\"url\":\"https:\\\/\\\/www.hopa.ee\\\/wp-content\\\/uploads\\\/2023\\\/03\\\/6-2.png\",\"contentUrl\":\"https:\\\/\\\/www.hopa.ee\\\/wp-content\\\/uploads\\\/2023\\\/03\\\/6-2.png\",\"width\":279,\"height\":276,\"caption\":\"Muhu Entertainment\"},\"image\":{\"@id\":\"https:\\\/\\\/hopa.ee\\\/#\\\/schema\\\/logo\\\/image\\\/\"},\"sameAs\":[\"https:\\\/\\\/www.facebook.com\\\/minu.HOPA\",\"https:\\\/\\\/www.instagram.com\\\/minu.hopa\\\/\"]}]}<\/script>\n<!-- \/ Yoast SEO plugin. -->","yoast_head_json":{"title":"Eesti esimene hobuplaneerija - Hopa - M\u00e4rkmik 2026","description":"Parim abiline sinu hobuse elu-olu planeerimisel! Saadaval eesti, inglise ja soome keeles! Hopas ei ole \u00fchtegi kuup\u00e4eva! Miks? Just sellep\u00e4rast, et saaksid m\u00e4rkmiku kasutusele v\u00f5tta \u00fcksk\u00f5ik millal aasta jooksul ning kasutada seni kuniks ruumi jagub!\ud83d\udc34\ud83d\udc34 Hopa hobuplaneerijat on m\u00e4rkmik, kuhu saate:\ud83d\udcdd kirjutada \u00fcles k\u00f5ik oma hobuse andmed, tervisekontrollid, s\u00f6\u00f6tmisplaanid, treeningkavad, eelarved\ud83d\udcdd planeerida n\u00e4dala-, kuu-, aastaplaane ja v\u00f5istluseid\ud83d\udcdd teha m\u00e4rkmeid sepa, veterinaari, sadulapassija visiitidest......ning palju muud! Meie hobuplaneerija on loodud spetsiaalselt hobuinimestele ning seda on lihtne kasutada ja kohandada vastavalt oma vajadustele. Oleme kindlad, et see saab olema sinu ja sinu hobuse suurep\u00e4rane kaaslane tema elu-olu planeerimisel!","robots":{"index":"index","follow":"follow","max-snippet":"max-snippet:-1","max-image-preview":"max-image-preview:large","max-video-preview":"max-video-preview:-1"},"canonical":"https:\/\/hopa.ee\/en\/product\/hopa-hobuplaneerija-markmik-2026\/","og_locale":"en_US","og_type":"article","og_title":"Hopa hobuplaneerija","og_description":"\ud83d\udc34\ud83d\udc34 Hopa hobuplaneerijat on m\u00e4rkmik, kuhu saate:\ud83d\udcdd kirjutada \u00fcles k\u00f5ik oma hobuse andmed, tervisekontrollid, s\u00f6\u00f6tmisplaanid, treeningkavad, eelarved\ud83d\udcdd planeerida n\u00e4dala-, kuu-, aastaplaane ja v\u00f5istluseid\ud83d\udcdd teha m\u00e4rkmeid sepa, veterinaari, sadulapassija visiitidest ning palju muud. Hopa koosneb 128 v\u00e4rvilisest lehek\u00fcljest ja 2023. aasta kalendrist. Saadaval eesti, inglise ja soome keeles!","og_url":"https:\/\/hopa.ee\/en\/product\/hopa-hobuplaneerija-markmik-2026\/","og_site_name":"HOPA","article_publisher":"https:\/\/www.facebook.com\/minu.HOPA","article_modified_time":"2026-02-10T08:33:00+00:00","og_image":[{"width":1920,"height":2560,"url":"https:\/\/hopa.ee\/wp-content\/uploads\/2023\/04\/PhotoRoom_20230331_191523-scaled.jpg","type":"image\/jpeg"}],"twitter_card":"summary_large_image","twitter_misc":{"Est. reading time":"1 minute"},"schema":{"@context":"https:\/\/schema.org","@graph":[{"@type":"WebPage","@id":"https:\/\/hopa.ee\/toode\/hopa-hobuplaneerija-markmik-2026\/","url":"https:\/\/hopa.ee\/toode\/hopa-hobuplaneerija-markmik-2026\/","name":"Eesti esimene hobuplaneerija - Hopa - M\u00e4rkmik 2026","isPartOf":{"@id":"https:\/\/hopa.ee\/#website"},"primaryImageOfPage":{"@id":"https:\/\/hopa.ee\/toode\/hopa-hobuplaneerija-markmik-2026\/#primaryimage"},"image":{"@id":"https:\/\/hopa.ee\/toode\/hopa-hobuplaneerija-markmik-2026\/#primaryimage"},"thumbnailUrl":"https:\/\/hopa.ee\/wp-content\/uploads\/2024\/05\/PhotoRoom_20230406_084914-scaled.jpg","datePublished":"2023-04-06T06:16:04+00:00","dateModified":"2026-02-10T08:33:00+00:00","description":"Parim abiline sinu hobuse elu-olu planeerimisel! Saadaval eesti, inglise ja soome keeles! Hopas ei ole \u00fchtegi kuup\u00e4eva! Miks? Just sellep\u00e4rast, et saaksid m\u00e4rkmiku kasutusele v\u00f5tta \u00fcksk\u00f5ik millal aasta jooksul ning kasutada seni kuniks ruumi jagub!\ud83d\udc34\ud83d\udc34 Hopa hobuplaneerijat on m\u00e4rkmik, kuhu saate:\ud83d\udcdd kirjutada \u00fcles k\u00f5ik oma hobuse andmed, tervisekontrollid, s\u00f6\u00f6tmisplaanid, treeningkavad, eelarved\ud83d\udcdd planeerida n\u00e4dala-, kuu-, aastaplaane ja v\u00f5istluseid\ud83d\udcdd teha m\u00e4rkmeid sepa, veterinaari, sadulapassija visiitidest......ning palju muud! Meie hobuplaneerija on loodud spetsiaalselt hobuinimestele ning seda on lihtne kasutada ja kohandada vastavalt oma vajadustele. Oleme kindlad, et see saab olema sinu ja sinu hobuse suurep\u00e4rane kaaslane tema elu-olu planeerimisel!","breadcrumb":{"@id":"https:\/\/hopa.ee\/toode\/hopa-hobuplaneerija-markmik-2026\/#breadcrumb"},"inLanguage":"en-US","potentialAction":[{"@type":"ReadAction","target":["https:\/\/hopa.ee\/toode\/hopa-hobuplaneerija-markmik-2026\/"]}]},{"@type":"ImageObject","inLanguage":"en-US","@id":"https:\/\/hopa.ee\/toode\/hopa-hobuplaneerija-markmik-2026\/#primaryimage","url":"https:\/\/hopa.ee\/wp-content\/uploads\/2024\/05\/PhotoRoom_20230406_084914-scaled.jpg","contentUrl":"https:\/\/hopa.ee\/wp-content\/uploads\/2024\/05\/PhotoRoom_20230406_084914-scaled.jpg","width":1920,"height":2560,"caption":"Horse diary, horse notebook, horse planner, planner, diary, notebook, horse riding, equestrian planner, equestrian competition, yearly planner"},{"@type":"BreadcrumbList","@id":"https:\/\/hopa.ee\/toode\/hopa-hobuplaneerija-markmik-2026\/#breadcrumb","itemListElement":[{"@type":"ListItem","position":1,"name":"Home","item":"https:\/\/hopa.ee\/"},{"@type":"ListItem","position":2,"name":"Hopa hobuplaneerija"}]},{"@type":"WebSite","@id":"https:\/\/hopa.ee\/#website","url":"https:\/\/hopa.ee\/","name":"HOPA","description":"Hobuplaneerija","publisher":{"@id":"https:\/\/hopa.ee\/#organization"},"potentialAction":[{"@type":"SearchAction","target":{"@type":"EntryPoint","urlTemplate":"https:\/\/hopa.ee\/?s={search_term_string}"},"query-input":{"@type":"PropertyValueSpecification","valueRequired":true,"valueName":"search_term_string"}}],"inLanguage":"en-US"},{"@type":"Organization","@id":"https:\/\/hopa.ee\/#organization","name":"Muhu Entertainment","url":"https:\/\/hopa.ee\/","logo":{"@type":"ImageObject","inLanguage":"en-US","@id":"https:\/\/hopa.ee\/#\/schema\/logo\/image\/","url":"https:\/\/www.hopa.ee\/wp-content\/uploads\/2023\/03\/6-2.png","contentUrl":"https:\/\/www.hopa.ee\/wp-content\/uploads\/2023\/03\/6-2.png","width":279,"height":276,"caption":"Muhu Entertainment"},"image":{"@id":"https:\/\/hopa.ee\/#\/schema\/logo\/image\/"},"sameAs":["https:\/\/www.facebook.com\/minu.HOPA","https:\/\/www.instagram.com\/minu.hopa\/"]}]}},"_links":{"self":[{"href":"https:\/\/hopa.ee\/en\/wp-json\/wp\/v2\/product\/93","targetHints":{"allow":["GET"]}}],"collection":[{"href":"https:\/\/hopa.ee\/en\/wp-json\/wp\/v2\/product"}],"about":[{"href":"https:\/\/hopa.ee\/en\/wp-json\/wp\/v2\/types\/product"}],"replies":[{"embeddable":true,"href":"https:\/\/hopa.ee\/en\/wp-json\/wp\/v2\/comments?post=93"}],"wp:featuredmedia":[{"embeddable":true,"href":"https:\/\/hopa.ee\/en\/wp-json\/wp\/v2\/media\/253"}],"wp:attachment":[{"href":"https:\/\/hopa.ee\/en\/wp-json\/wp\/v2\/media?parent=93"}],"wp:term":[{"taxonomy":"product_brand","embeddable":true,"href":"https:\/\/hopa.ee\/en\/wp-json\/wp\/v2\/product_brand?post=93"},{"taxonomy":"product_cat","embeddable":true,"href":"https:\/\/hopa.ee\/en\/wp-json\/wp\/v2\/product_cat?post=93"},{"taxonomy":"product_tag","embeddable":true,"href":"https:\/\/hopa.ee\/en\/wp-json\/wp\/v2\/product_tag?post=93"}],"curies":[{"name":"wp","href":"https:\/\/api.w.org\/{rel}","templated":true}]}}